{"id":2184,"date":"2025-06-15T09:34:13","date_gmt":"2025-06-15T09:34:13","guid":{"rendered":"https:\/\/apply.krueger.studio\/?page_id=2184"},"modified":"2025-06-15T09:34:13","modified_gmt":"2025-06-15T09:34:13","slug":"developer-bewerbung","status":"publish","type":"page","link":"https:\/\/bodenseerp.de\/?page_id=2184","title":{"rendered":"Developer Bewerbung"},"content":{"rendered":"<div>\n<p data-start=\"264\" data-end=\"312\"><strong data-start=\"264\" data-end=\"312\">Willkommen zur Developer-Bewerbung f\u00fcr BodenseeRP <\/strong>Sch\u00f6n, dass du dich f\u00fcr eine Position im BodenseeRP-Team interessierst! Bitte f\u00fclle das folgende Formular vollst\u00e4ndig und ehrlich aus. Nimm dir ausreichend Zeit, insbesondere bei den offenen Fragen \u2013 wir m\u00f6chten dich und deine Motivation bestm\u00f6glich kennenlernen. Alle Daten werden vertraulich behandelt und ausschlie\u00dflich zur Bearbeitung deiner Bewerbung verwendet.<\/p>\n<\/div>\n<div>\n<div>Diese Bewerbung dauert in der Regel ungef\u00e4hr 20 bis 40 Minuten.<\/div>\n<\/div>\n<div>\n<div class='fluentform ff-default fluentform_wrapper_4 ffs_default_wrap'><form data-form_id=\"4\" id=\"fluentform_4\" class=\"frm-fluent-form fluent_form_4 ff-el-form-top ff_form_instance_4_1 ff-form-loading ffs_default\" data-form_instance=\"ff_form_instance_4_1\" method=\"POST\" ><fieldset  style=\"border: none!important;margin: 0!important;padding: 0!important;background-color: transparent!important;box-shadow: none!important;outline: none!important; min-inline-size: 100%;\">\n                    <legend class=\"ff_screen_reader_title\" style=\"display: block; margin: 0!important;padding: 0!important;height: 0!important;text-indent: -999999px;width: 0!important;overflow:hidden;\">Developer Bewerbung<\/legend><input type='hidden' name='__fluent_form_embded_post_id' value='2184' \/><input type=\"hidden\" id=\"_fluentform_4_fluentformnonce\" name=\"_fluentform_4_fluentformnonce\" value=\"ba885a283a\" \/><input type=\"hidden\" name=\"_wp_http_referer\" value=\"\/index.php?rest_route=%2Fwp%2Fv2%2Fpages%2F2184\" \/><div data-type=\"name-element\" data-name=\"names\" class=\" ff-field_container ff-name-field-wrapper\" ><div class='ff-t-container'><div class='ff-t-cell '><div class='ff-el-group ff-el-form-top'><div class=\"ff-el-input--label ff-el-is-required asterisk-right\"><label for='ff_4_names_first_name_' >Discord Name<\/label><\/div><div class='ff-el-input--content'><input type=\"text\" name=\"names[first_name]\" id=\"ff_4_names_first_name_\" class=\"ff-el-form-control\" aria-invalid=\"false\" aria-required=true><\/div><\/div><\/div><div class='ff-t-cell '><div class='ff-el-group ff-el-form-top'><div class=\"ff-el-input--label ff-el-is-required asterisk-right\"><label for='ff_4_names_middle_name_' >Roblox Name<\/label><\/div><div class='ff-el-input--content'><input type=\"text\" name=\"names[middle_name]\" id=\"ff_4_names_middle_name_\" class=\"ff-el-form-control\" aria-invalid=\"false\" aria-required=true><\/div><\/div><\/div><\/div><\/div><div data-type=\"name-element\" data-name=\"names_1\" class=\" ff-field_container ff-name-field-wrapper\" ><div class='ff-t-container'><div class='ff-t-cell '><div class='ff-el-group ff-el-form-top'><div class=\"ff-el-input--label ff-el-is-required asterisk-right\"><label for='ff_4_names_1_first_name_' >Vorname<\/label><\/div><div class='ff-el-input--content'><input type=\"text\" name=\"names_1[first_name]\" id=\"ff_4_names_1_first_name_\" class=\"ff-el-form-control\" aria-invalid=\"false\" aria-required=true><\/div><\/div><\/div><\/div><\/div><div class='ff-el-group'><div class=\"ff-el-input--label ff-el-is-required asterisk-right\"><label for='ff_4_email' aria-label=\"Email\">Email<\/label><\/div><div class='ff-el-input--content'><input type=\"email\" name=\"email\" id=\"ff_4_email\" class=\"ff-el-form-control\" placeholder=\"test@krueger.studio\" data-name=\"email\"  aria-invalid=\"false\" aria-required=true><\/div><\/div><div class='ff-el-group'><div class=\"ff-el-input--label ff-el-is-required asterisk-right\"><label for='ff_4_numeric_field' aria-label=\"Dein Alter?\">Dein Alter?<\/label><\/div><div class='ff-el-input--content'><input type=\"number\" name=\"numeric_field\" id=\"ff_4_numeric_field\" class=\"ff-el-form-control\" placeholder=\"14\" data-name=\"numeric_field\" inputmode=\"numeric\" step=\"any\"  aria-invalid=\"false\" aria-required=true><\/div><\/div><div class='ff-el-group'><div class=\"ff-el-input--label ff-el-is-required asterisk-right\"><label for='ff_4_department' aria-label=\"Warst du schonmal im BodenseeRP Team?\">Warst du schonmal im BodenseeRP Team?<\/label><\/div><div class='ff-el-input--content'><select name=\"department\" id=\"ff_4_department\" class=\"ff-el-form-control\" data-name=\"department\" data-calc_value=\"0\"  aria-invalid=\"false\" aria-required=true><option value=\"Ja\"  >Ja<\/option><option value=\"Nein\"  >Nein<\/option><option value=\"nicht als Developer\"  >nicht als Developer<\/option><\/select><\/div><\/div><div class='ff-el-group'><div class=\"ff-el-input--label ff-el-is-required asterisk-right\"><label for='ff_4_input_text_1' aria-label=\"Hast du bereits Developer Erfahrung?\">Hast du bereits Developer Erfahrung?<\/label><\/div><div class='ff-el-input--content'><input type=\"text\" name=\"input_text_1\" class=\"ff-el-form-control\" data-name=\"input_text_1\" id=\"ff_4_input_text_1\"  aria-invalid=\"false\" aria-required=true><\/div><\/div><div class='ff-el-group'><div class=\"ff-el-input--label ff-el-is-required asterisk-right\"><label for='ff_4_input_text_3' aria-label=\"Deine St\u00e4rken &amp; Schw\u00e4chen\">Deine St\u00e4rken &amp; Schw\u00e4chen<\/label><\/div><div class='ff-el-input--content'><input type=\"text\" name=\"input_text_3\" class=\"ff-el-form-control\" data-name=\"input_text_3\" id=\"ff_4_input_text_3\"  aria-invalid=\"false\" aria-required=true><\/div><\/div><div class='ff-el-group'><div class=\"ff-el-input--label ff-el-is-required asterisk-right\"><label for='ff_4_description' aria-label=\"Warum m\u00f6chtest du dich bei uns Bewerben? (100-200 W\u00f6rter)\">Warum m\u00f6chtest du dich bei uns Bewerben? (100-200 W\u00f6rter)<\/label><\/div><div class='ff-el-input--content'><textarea aria-invalid=\"false\" aria-required=true name=\"description\" id=\"ff_4_description\" class=\"ff-el-form-control\" rows=\"4\" cols=\"2\" data-name=\"description\" ><\/textarea><\/div><\/div><div class='ff-el-group'><div class=\"ff-el-input--label ff-el-is-required asterisk-right\"><label for='ff_4_input_text_7' aria-label=\"Warum sollten wir genau dich annehmen?\">Warum sollten wir genau dich annehmen?<\/label><\/div><div class='ff-el-input--content'><input type=\"text\" name=\"input_text_7\" class=\"ff-el-form-control\" data-name=\"input_text_7\" id=\"ff_4_input_text_7\"  aria-invalid=\"false\" aria-required=true><\/div><\/div><div class='ff-el-group'><div class=\"ff-el-input--label ff-el-is-required asterisk-right\"><label for='ff_4_input_text_8' aria-label=\"Was k\u00f6nnen wir von dir erwarten?\">Was k\u00f6nnen wir von dir erwarten?<\/label><\/div><div class='ff-el-input--content'><input type=\"text\" name=\"input_text_8\" class=\"ff-el-form-control\" data-name=\"input_text_8\" id=\"ff_4_input_text_8\"  aria-invalid=\"false\" aria-required=true><\/div><\/div><div class='ff-el-group'><div class=\"ff-el-input--label ff-el-is-required asterisk-right\"><label for='ff_4_input_text_9' aria-label=\"Was erwartest du von uns?\">Was erwartest du von uns?<\/label><\/div><div class='ff-el-input--content'><input type=\"text\" name=\"input_text_9\" class=\"ff-el-form-control\" data-name=\"input_text_9\" id=\"ff_4_input_text_9\"  aria-invalid=\"false\" aria-required=true><\/div><\/div><div class='ff-el-group'><div class=\"ff-el-input--label ff-el-is-required asterisk-right\"><label  aria-label=\"Hiermit Best\u00e4tige ich das ich:\">Hiermit Best\u00e4tige ich das ich:<\/label><\/div><div class='ff-el-input--content'><div class='ff-el-form-check ff-el-form-check-'><label class='ff-el-form-check-label' for=checkbox_9d8dd116e601e8681c1184ce1e7a517c><input  type=\"checkbox\" name=\"checkbox[]\" data-name=\"checkbox\" class=\"ff-el-form-check-input ff-el-form-check-checkbox\" value=\"Niemanden mit der Developer Bewerbung geholfen habe\"  id='checkbox_9d8dd116e601e8681c1184ce1e7a517c' aria-label='Niemanden mit der Developer Bewerbung geholfen habe' aria-invalid='false' aria-required=true> <span>Niemanden mit der Developer Bewerbung geholfen habe<\/span><\/label><\/div><div class='ff-el-form-check ff-el-form-check-'><label class='ff-el-form-check-label' for=checkbox_b29cf19f718e8b40942a7b4772365a73><input  type=\"checkbox\" name=\"checkbox[]\" data-name=\"checkbox\" class=\"ff-el-form-check-input ff-el-form-check-checkbox\" value=\"Datenschutzhinweis gem\u00e4\u00df Art. 13 DSGVO  Wenn Sie sich \u00fcber dieses Formular bewerben, verarbeiten wir die von Ihnen \u00fcbermittelten personenbezogenen Daten ausschlie\u00dflich zum Zweck der Bearbeitung Ihrer Bewerbung. Die Datenverarbeitung erfolgt auf Grundlage von Art. 6 Abs. 1 lit. b DSGVO (Vertragsanbahnung) sowie, soweit Sie Ihre Einwilligung erteilen, auf Grundlage von Art. 6 Abs. 1 lit. a DSGVO.  Ihre Daten werden streng vertraulich behandelt und nur an die f\u00fcr das Bewerbungsverfahren zust\u00e4ndigen Personen weitergegeben. Eine Weitergabe an Dritte erfolgt nicht ohne Ihre ausdr\u00fcckliche Einwilligung. Die Daten werden sp\u00e4testens sechs Monate nach Abschluss des Bewerbungsverfahrens gel\u00f6scht, sofern keine gesetzliche Aufbewahrungspflicht besteht oder Sie einer l\u00e4ngeren Speicherung ausdr\u00fccklich zugestimmt haben.  Weitere Informationen finden Sie in unserer vollst\u00e4ndigen Datenschutzerkl\u00e4rung.\"  id='checkbox_b29cf19f718e8b40942a7b4772365a73' aria-label='Datenschutzhinweis gem\u00e4\u00df Art. 13 DSGVO  Wenn Sie sich \u00fcber dieses Formular bewerben, verarbeiten wir die von Ihnen \u00fcbermittelten personenbezogenen Daten ausschlie\u00dflich zum Zweck der Bearbeitung Ihrer Bewerbung. Die Datenverarbeitung erfolgt auf Grundlage von Art. 6 Abs. 1 lit. b DSGVO (Vertragsanbahnung) sowie, soweit Sie Ihre Einwilligung erteilen, auf Grundlage von Art. 6 Abs. 1 lit. a DSGVO.  Ihre Daten werden streng vertraulich behandelt und nur an die f\u00fcr das Bewerbungsverfahren zust\u00e4ndigen Personen weitergegeben. Eine Weitergabe an Dritte erfolgt nicht ohne Ihre ausdr\u00fcckliche Einwilligung. Die Daten werden sp\u00e4testens sechs Monate nach Abschluss des Bewerbungsverfahrens gel\u00f6scht, sofern keine gesetzliche Aufbewahrungspflicht besteht oder Sie einer l\u00e4ngeren Speicherung ausdr\u00fccklich zugestimmt haben.  Weitere Informationen finden Sie in unserer vollst\u00e4ndigen Datenschutzerkl\u00e4rung.' aria-invalid='false' aria-required=true> <span>Datenschutzhinweis gem\u00e4\u00df Art. 13 DSGVO  Wenn Sie sich \u00fcber dieses Formular bewerben, verarbeiten wir die von Ihnen \u00fcbermittelten personenbezogenen Daten ausschlie\u00dflich zum Zweck der Bearbeitung Ihrer Bewerbung. Die Datenverarbeitung erfolgt auf Grundlage von Art. 6 Abs. 1 lit. b DSGVO (Vertragsanbahnung) sowie, soweit Sie Ihre Einwilligung erteilen, auf Grundlage von Art. 6 Abs. 1 lit. a DSGVO.  Ihre Daten werden streng vertraulich behandelt und nur an die f\u00fcr das Bewerbungsverfahren zust\u00e4ndigen Personen weitergegeben. Eine Weitergabe an Dritte erfolgt nicht ohne Ihre ausdr\u00fcckliche Einwilligung. Die Daten werden sp\u00e4testens sechs Monate nach Abschluss des Bewerbungsverfahrens gel\u00f6scht, sofern keine gesetzliche Aufbewahrungspflicht besteht oder Sie einer l\u00e4ngeren Speicherung ausdr\u00fccklich zugestimmt haben.  Weitere Informationen finden Sie in unserer vollst\u00e4ndigen Datenschutzerkl\u00e4rung.<\/span><\/label><\/div><\/div><\/div><div class='ff-el-group ff-text-left ff_submit_btn_wrapper'><button type=\"submit\" class=\"ff-btn ff-btn-submit ff-btn-md ff_btn_style\" >Submit Form<\/button><\/div><\/fieldset><\/form><div id='fluentform_4_errors' class='ff-errors-in-stack ff_form_instance_4_1 ff-form-loading_errors ff_form_instance_4_1_errors'><\/div><\/div>        <script type=\"text\/javascript\">\n            window.fluent_form_ff_form_instance_4_1 = {\"id\":\"4\",\"settings\":{\"layout\":{\"labelPlacement\":\"top\",\"asteriskPlacement\":\"asterisk-right\",\"helpMessagePlacement\":\"with_label\",\"errorMessagePlacement\":\"inline\",\"cssClassName\":\"\"},\"restrictions\":{\"denyEmptySubmission\":{\"enabled\":false}}},\"form_instance\":\"ff_form_instance_4_1\",\"form_id_selector\":\"fluentform_4\",\"rules\":{\"names[first_name]\":{\"required\":{\"value\":true,\"message\":\"This field is required\",\"global_message\":\"This field is required\",\"global\":true}},\"names[middle_name]\":{\"required\":{\"value\":true,\"message\":\"This field is required\",\"global_message\":\"This field is required\",\"global\":true}},\"names[last_name]\":{\"required\":{\"value\":false,\"message\":\"This field is required\",\"global_message\":\"This field is required\",\"global\":true}},\"names_1[first_name]\":{\"required\":{\"value\":true,\"message\":\"This field is required\",\"global_message\":\"This field is required\",\"global\":true}},\"names_1[middle_name]\":{\"required\":{\"value\":false,\"message\":\"This field is required\",\"global_message\":\"This field is required\",\"global\":true}},\"names_1[last_name]\":{\"required\":{\"value\":false,\"message\":\"This field is required\",\"global_message\":\"This field is required\",\"global\":true}},\"email\":{\"required\":{\"value\":true,\"message\":\"Email field is required\",\"global\":false,\"global_message\":\"This field is required\"},\"email\":{\"value\":true,\"message\":\"This field must contain a valid email\",\"global\":true,\"global_message\":\"This field must contain a valid email\"}},\"numeric_field\":{\"required\":{\"value\":true,\"message\":\"This field is required\",\"global_message\":\"This field is required\",\"global\":true},\"numeric\":{\"value\":true,\"message\":\"This field must contain numeric value\",\"global_message\":\"This field must contain numeric value\",\"global\":true},\"min\":{\"value\":\"\",\"message\":\"Validation fails for minimum value\",\"global_message\":\"Validation fails for minimum value\",\"global\":true},\"max\":{\"value\":\"\",\"message\":\"Validation fails for maximum value\",\"global_message\":\"Validation fails for maximum value\",\"global\":true},\"digits\":{\"value\":\"\",\"message\":\"Validation fails for limited digits\",\"global_message\":\"Validation fails for limited digits\",\"global\":true}},\"department\":{\"required\":{\"value\":true,\"message\":\"Department field is required\",\"global\":false,\"global_message\":\"This field is required\"}},\"input_text_1\":{\"required\":{\"value\":true,\"message\":\"This field is required\",\"global_message\":\"This field is required\",\"global\":true}},\"input_text_3\":{\"required\":{\"value\":true,\"message\":\"This field is required\",\"global_message\":\"This field is required\",\"global\":true}},\"description\":{\"required\":{\"value\":true,\"message\":\"This field is required\",\"global\":true,\"global_message\":\"This field is required\"}},\"input_text_7\":{\"required\":{\"value\":true,\"message\":\"This field is required\",\"global_message\":\"This field is required\",\"global\":true}},\"input_text_8\":{\"required\":{\"value\":true,\"message\":\"This field is required\",\"global_message\":\"This field is required\",\"global\":true}},\"input_text_9\":{\"required\":{\"value\":true,\"message\":\"This field is required\",\"global_message\":\"This field is required\",\"global\":true}},\"checkbox\":{\"required\":{\"value\":true,\"message\":\"This field is required\",\"global_message\":\"This field is required\",\"global\":true}}},\"debounce_time\":300,\"conditionals\":{\"checkbox\":{\"type\":\"any\",\"status\":true,\"conditions\":[{\"field\":\"\",\"value\":\"\",\"operator\":\"\"}],\"condition_groups\":[{\"rules\":[{\"field\":\"\",\"value\":\"\",\"operator\":\"\"}],\"title\":\"\",\"isEditingTitle\":false,\"isPreviewOpen\":false,\"isGroupOpen\":true}]}}};\n                    <\/script>\n        <\/div>\n<p><!--more--><br \/>\n<!-- {\"type\":\"layout\",\"children\":[{\"type\":\"section\",\"props\":{\"image_position\":\"center-center\",\"style\":\"default\",\"title_breakpoint\":\"xl\",\"title_position\":\"top-left\",\"title_rotation\":\"left\",\"vertical_align\":\"middle\",\"width\":\"default\"},\"children\":[{\"type\":\"row\",\"children\":[{\"type\":\"column\",\"props\":{\"image_position\":\"center-center\",\"position_sticky_breakpoint\":\"m\"},\"children\":[{\"name\":\"Text Drop Cap\",\"type\":\"text\",\"props\":{\"column_breakpoint\":\"m\",\"content\":\"\n\n<p data-start=\\\"264\\\" data-end=\\\"312\\\"><strong data-start=\\\"264\\\" data-end=\\\"312\\\">Willkommen zur Developer-Bewerbung f\\u00fcr BodenseeRP <\\\/strong>Sch\\u00f6n, dass du dich f\\u00fcr eine Position im BodenseeRP-Team interessierst! Bitte f\\u00fclle das folgende Formular vollst\\u00e4ndig und ehrlich aus. Nimm dir ausreichend Zeit, insbesondere bei den offenen Fragen \\u2013 wir m\\u00f6chten dich und deine Motivation bestm\\u00f6glich kennenlernen. Alle Daten werden vertraulich behandelt und ausschlie\\u00dflich zur Bearbeitung deiner Bewerbung verwendet.<\\\/p>\",\"dropcap\":true,\"margin\":\"default\"}},{\"name\":\"List Marker Image Bullet\",\"type\":\"list\",\"children\":[{\"type\":\"list_item\",\"props\":{\"content\":\"Diese Bewerbung dauert in der Regel ungef\\u00e4hr 20 bis 40 Minuten.\",\"icon\":\"\",\"image\":\"\"}}],\"props\":{\"column_breakpoint\":\"m\",\"image_align\":\"left\",\"image_svg_color\":\"emphasis\",\"image_vertical_align\":true,\"list_element\":\"ul\",\"list_horizontal_separator\":\", \",\"list_marker\":\"bullet\",\"list_type\":\"vertical\",\"margin\":\"default\",\"show_image\":true,\"show_link\":true}},{\"type\":\"html\",\"props\":{\"content\":\"[fluentform id=\\\"4\\\"]\"}}]}]}],\"name\":\"Dev\"}],\"version\":\"4.5.20\"} --><\/p>\n","protected":false},"excerpt":{"rendered":"<p>Willkommen zur Developer-Bewerbung f\u00fcr BodenseeRP Sch\u00f6n, dass du dich f\u00fcr eine Position im BodenseeRP-Team interessierst! Bitte f\u00fclle das folgende Formular vollst\u00e4ndig und ehrlich aus. Nimm dir ausreichend Zeit, insbesondere bei den offenen Fragen \u2013 wir m\u00f6chten dich und deine Motivation bestm\u00f6glich kennenlernen. Alle Daten werden vertraulich behandelt und ausschlie\u00dflich zur Bearbeitung deiner Bewerbung verwendet. Diese [&hellip;]<\/p>\n","protected":false},"author":1,"featured_media":0,"parent":0,"menu_order":0,"comment_status":"closed","ping_status":"closed","template":"","meta":{"_acf_changed":false,"footnotes":""},"class_list":["post-2184","page","type-page","status-publish","hentry"],"acf":[],"_links":{"self":[{"href":"https:\/\/bodenseerp.de\/index.php?rest_route=\/wp\/v2\/pages\/2184","targetHints":{"allow":["GET"]}}],"collection":[{"href":"https:\/\/bodenseerp.de\/index.php?rest_route=\/wp\/v2\/pages"}],"about":[{"href":"https:\/\/bodenseerp.de\/index.php?rest_route=\/wp\/v2\/types\/page"}],"author":[{"embeddable":true,"href":"https:\/\/bodenseerp.de\/index.php?rest_route=\/wp\/v2\/users\/1"}],"replies":[{"embeddable":true,"href":"https:\/\/bodenseerp.de\/index.php?rest_route=%2Fwp%2Fv2%2Fcomments&post=2184"}],"version-history":[{"count":3,"href":"https:\/\/bodenseerp.de\/index.php?rest_route=\/wp\/v2\/pages\/2184\/revisions"}],"predecessor-version":[{"id":2187,"href":"https:\/\/bodenseerp.de\/index.php?rest_route=\/wp\/v2\/pages\/2184\/revisions\/2187"}],"wp:attachment":[{"href":"https:\/\/bodenseerp.de\/index.php?rest_route=%2Fwp%2Fv2%2Fmedia&parent=2184"}],"curies":[{"name":"wp","href":"https:\/\/api.w.org\/{rel}","templated":true}]}}